{"id":28284,"date":"2025-03-05T16:04:50","date_gmt":"2025-03-05T15:04:50","guid":{"rendered":"https:\/\/www.garonehabitat.com\/rivenditori\/"},"modified":"2025-11-16T15:17:42","modified_gmt":"2025-11-16T14:17:42","slug":"rivenditori","status":"publish","type":"page","link":"https:\/\/www.garonehabitat.com\/es\/rivenditori\/","title":{"rendered":"Distribuidores"},"content":{"rendered":"\n<style type=\"text\/css\" data-created_by=\"avia_inline_auto\" id=\"style-css-av-1v7e982v-92eed1347b24c10f5c9f6ced9fce1bfc\">\n.avia-section.av-1v7e982v-92eed1347b24c10f5c9f6ced9fce1bfc{\nbackground-repeat:no-repeat;\nbackground-image:url(https:\/\/www.garonehabitat.com\/wp-content\/uploads\/2025\/03\/garone_sito-1500x630.png);\nbackground-position:50% 100%;\nbackground-attachment:scroll;\n}\n.avia-section.av-1v7e982v-92eed1347b24c10f5c9f6ced9fce1bfc .av-section-color-overlay{\nopacity:0.6;\nbackground-color:#000000;\n}\n<\/style>\n<div id='av_section_1'  class='avia-section av-1v7e982v-92eed1347b24c10f5c9f6ced9fce1bfc main_color avia-section-no-padding avia-no-border-styling  avia-builder-el-0  el_before_av_section  avia-builder-el-first  avia-full-stretch avia-bg-style-scroll av-section-color-overlay-active container_wrap sidebar_right'  data-section-bg-repeat='stretch'><div class=\"av-section-color-overlay-wrap\"><div class=\"av-section-color-overlay\"><\/div><div class='container av-section-cont-open' ><main  role=\"main\" itemprop=\"mainContentOfPage\"  class='template-page content  av-content-small alpha units'><div class='post-entry post-entry-type-page post-entry-28284'><div class='entry-content-wrapper clearfix'>\n\n<style type=\"text\/css\" data-created_by=\"avia_inline_auto\" id=\"style-css-av-1utsx1zb-0c1b16856b785b3435148a4cb88602e9\">\n#top .hr.hr-invisible.av-1utsx1zb-0c1b16856b785b3435148a4cb88602e9{\nheight:150px;\n}\n<\/style>\n<div  class='hr av-1utsx1zb-0c1b16856b785b3435148a4cb88602e9 hr-invisible  avia-builder-el-1  el_before_av_headline_rotator  avia-builder-el-first '><span class='hr-inner '><span class=\"hr-inner-style\"><\/span><\/span><\/div>\n\n<style type=\"text\/css\" data-created_by=\"avia_inline_auto\" id=\"style-css-av-lwkfq7qk-bdd39b5aa67e1a92252c67e6b8c2fbd5\">\n#top .av-rotator-container.av-lwkfq7qk-bdd39b5aa67e1a92252c67e6b8c2fbd5{\ntext-align:center;\ncolor:#ffffff;\n}\n#top #wrap_all .av-rotator-container.av-lwkfq7qk-bdd39b5aa67e1a92252c67e6b8c2fbd5 .av-rotator-container-inner{\nfont-size:40px;\n}\n\n@media only screen and (min-width: 768px) and (max-width: 989px){ \n#top #wrap_all .av-rotator-container.av-lwkfq7qk-bdd39b5aa67e1a92252c67e6b8c2fbd5 .av-rotator-container-inner{\nfont-size:26px;\n}\n}\n\n@media only screen and (min-width: 480px) and (max-width: 767px){ \n#top #wrap_all .av-rotator-container.av-lwkfq7qk-bdd39b5aa67e1a92252c67e6b8c2fbd5 .av-rotator-container-inner{\nfont-size:26px;\n}\n}\n\n@media only screen and (max-width: 479px){ \n#top #wrap_all .av-rotator-container.av-lwkfq7qk-bdd39b5aa67e1a92252c67e6b8c2fbd5 .av-rotator-container-inner{\nfont-size:26px;\n}\n}\n<\/style>\n<div  class='av-rotator-container av-rotation-container-center av-lwkfq7qk-bdd39b5aa67e1a92252c67e6b8c2fbd5  avia-builder-el-2  el_after_av_hr  el_before_av_hr  rotolatore-custom av-fixed-rotator-width' data-interval='4' data-animation='1' data-fixWidth='1'><h1 class='av-rotator-container-inner'>DISTRIBUIDORES<span class='av-rotator-text av-rotator-multiline-on'><\/span><\/h1><\/div>\n\n<style type=\"text\/css\" data-created_by=\"avia_inline_auto\" id=\"style-css-av-1tx7yz3b-7ac5b6aecafdb86523678ff25c7a0ee1\">\n#top .hr.hr-invisible.av-1tx7yz3b-7ac5b6aecafdb86523678ff25c7a0ee1{\nheight:150px;\n}\n<\/style>\n<div  class='hr av-1tx7yz3b-7ac5b6aecafdb86523678ff25c7a0ee1 hr-invisible  avia-builder-el-3  el_after_av_headline_rotator  avia-builder-el-last '><span class='hr-inner '><span class=\"hr-inner-style\"><\/span><\/span><\/div>\n\n<\/div><\/div><\/main><!-- close content main element --><\/div><\/div><\/div>\n<style type=\"text\/css\" data-created_by=\"avia_inline_auto\" id=\"style-css-av-3jz50fb-c73dba115a9a5ef829eed16be185dbf2\">\n.avia-section.av-3jz50fb-c73dba115a9a5ef829eed16be185dbf2 .av-extra-border-element .av-extra-border-inner{\nbackground-color:#ffffff;\n}\n<\/style>\n<div id='infissinlegno'  class='avia-section av-3jz50fb-c73dba115a9a5ef829eed16be185dbf2 main_color avia-section-no-padding avia-no-border-styling  avia-builder-el-4  el_after_av_section  el_before_av_section  avia-bg-style-scroll av-arrow-down-section container_wrap sidebar_right'  ><div class='container av-section-cont-open' ><div class='template-page content  av-content-small alpha units'><div class='post-entry post-entry-type-page post-entry-28284'><div class='entry-content-wrapper clearfix'>\n\n<style type=\"text\/css\" data-created_by=\"avia_inline_auto\" id=\"style-css-av-lwkjh2zs-f27b2a5eac2d8f009e3f7834932b3f2f\">\n#top .av-special-heading.av-lwkjh2zs-f27b2a5eac2d8f009e3f7834932b3f2f{\npadding-bottom:0;\nfont-size:30px;\n}\nbody .av-special-heading.av-lwkjh2zs-f27b2a5eac2d8f009e3f7834932b3f2f .av-special-heading-tag .heading-char{\nfont-size:25px;\n}\n#top #wrap_all .av-special-heading.av-lwkjh2zs-f27b2a5eac2d8f009e3f7834932b3f2f .av-special-heading-tag{\nfont-size:30px;\npadding:50px 0 0 0;\n}\n.av-special-heading.av-lwkjh2zs-f27b2a5eac2d8f009e3f7834932b3f2f .av-subheading{\nfont-size:15px;\n}\n\n@media only screen and (min-width: 480px) and (max-width: 767px){ \n#top #wrap_all .av-special-heading.av-lwkjh2zs-f27b2a5eac2d8f009e3f7834932b3f2f .av-special-heading-tag{\nfont-size:0.8em;\n}\n}\n\n@media only screen and (max-width: 479px){ \n#top #wrap_all .av-special-heading.av-lwkjh2zs-f27b2a5eac2d8f009e3f7834932b3f2f .av-special-heading-tag{\nfont-size:0.8em;\n}\n}\n<\/style>\n<div  class='av-special-heading av-lwkjh2zs-f27b2a5eac2d8f009e3f7834932b3f2f av-special-heading-h3 blockquote classic-quote  avia-builder-el-5  el_before_av_one_fifth  avia-builder-el-first  av-inherit-size'><h3 class='av-special-heading-tag'  itemprop=\"headline\"  >\u00a1Encuentra nuestras tiendas m\u00e1s cercanas a ti!<\/h3><div class=\"special-heading-border\"><div class=\"special-heading-inner-border\"><\/div><\/div><\/div>\n\n<style type=\"text\/css\" data-created_by=\"avia_inline_auto\" id=\"style-css-av-37enko7-9f274d6c89b5e88f9560f023a463a12f\">\n.flex_column.av-37enko7-9f274d6c89b5e88f9560f023a463a12f{\nborder-radius:0px 0px 0px 0px;\npadding:0px 0px 0px 0px;\n}\n<\/style>\n<div  class='flex_column av-37enko7-9f274d6c89b5e88f9560f023a463a12f av_one_fifth  avia-builder-el-6  el_after_av_heading  el_before_av_three_fifth  first flex_column_div av-zero-column-padding  '     ><\/div>\n<style type=\"text\/css\" data-created_by=\"avia_inline_auto\" id=\"style-css-av-2pb2s87-053e5527d070e02c66f88cae28ca0875\">\n.flex_column.av-2pb2s87-053e5527d070e02c66f88cae28ca0875{\nborder-radius:0px 0px 0px 0px;\npadding:0px 0px 0px 0px;\n}\n<\/style>\n<div  class='flex_column av-2pb2s87-053e5527d070e02c66f88cae28ca0875 av_three_fifth  avia-builder-el-7  el_after_av_one_fifth  el_before_av_one_fifth  flex_column_div av-zero-column-padding  '     ><style type=\"text\/css\" data-created_by=\"avia_inline_auto\" id=\"style-css-av-lwkjicrv-ab0c864d8e1b54aa52586ce4af456150\">\n#top .av_textblock_section.av-lwkjicrv-ab0c864d8e1b54aa52586ce4af456150 .avia_textblock{\nfont-size:16px;\ncolor:#000000;\ntext-align:left;\n}\n<\/style>\n<section  class='av_textblock_section av-lwkjicrv-ab0c864d8e1b54aa52586ce4af456150 '   itemscope=\"itemscope\" itemtype=\"https:\/\/schema.org\/CreativeWork\" ><div class='avia_textblock av_inherit_color'  itemprop=\"text\" ><p style=\"text-align: center;\">Estamos presentes en toda Italia, listos para ofrecerte la calidad y variedad que buscas. Simplemente introduce tu provincia de origen en nuestro buscador de tiendas y encontrar\u00e1s f\u00e1cilmente la tienda m\u00e1s cercana.<br \/>\n\u00a1R\u00e1pido y f\u00e1cil!<\/p>\n<\/div><\/section><\/div>\n<style type=\"text\/css\" data-created_by=\"avia_inline_auto\" id=\"style-css-av-274ejfr-bd8a45c4194f30277f3ec61e584f57b4\">\n.flex_column.av-274ejfr-bd8a45c4194f30277f3ec61e584f57b4{\nborder-radius:0px 0px 0px 0px;\npadding:0px 0px 0px 0px;\n}\n<\/style>\n<div  class='flex_column av-274ejfr-bd8a45c4194f30277f3ec61e584f57b4 av_one_fifth  avia-builder-el-9  el_after_av_three_fifth  avia-builder-el-last  flex_column_div av-zero-column-padding  '     ><\/div>\n\n<\/div><\/div><\/div><!-- close content main div --><\/div><div class='av-extra-border-element border-extra-arrow-down'><div class='av-extra-border-outer'><div class='av-extra-border-inner'><\/div><\/div><\/div><\/div><div id='av_section_3'  class='avia-section av-lwkjpcux-32cd76303c7013d1a55e244b55a8e9d7 main_color avia-section-default avia-no-border-styling  avia-builder-el-10  el_after_av_section  avia-builder-el-last  avia-bg-style-scroll container_wrap sidebar_right'  ><div class='container av-section-cont-open' ><div class='template-page content  av-content-small alpha units'><div class='post-entry post-entry-type-page post-entry-28284'><div class='entry-content-wrapper clearfix'>\n\n\n<style type=\"text\/css\" data-created_by=\"avia_inline_auto\" id=\"style-css-av-m7x7gj1i-df16db54cce43a4da7edacd322374d15\">\n#top .av-special-heading.av-m7x7gj1i-df16db54cce43a4da7edacd322374d15{\npadding-bottom:0;\nfont-size:30px;\n}\nbody .av-special-heading.av-m7x7gj1i-df16db54cce43a4da7edacd322374d15 .av-special-heading-tag .heading-char{\nfont-size:25px;\n}\n#top #wrap_all .av-special-heading.av-m7x7gj1i-df16db54cce43a4da7edacd322374d15 .av-special-heading-tag{\nfont-size:30px;\npadding:10px 0 0 0;\n}\n.av-special-heading.av-m7x7gj1i-df16db54cce43a4da7edacd322374d15 .av-subheading{\nfont-size:15px;\n}\n\n@media only screen and (min-width: 480px) and (max-width: 767px){ \n#top #wrap_all .av-special-heading.av-m7x7gj1i-df16db54cce43a4da7edacd322374d15 .av-special-heading-tag{\nfont-size:0.8em;\n}\n}\n\n@media only screen and (max-width: 479px){ \n#top #wrap_all .av-special-heading.av-m7x7gj1i-df16db54cce43a4da7edacd322374d15 .av-special-heading-tag{\nfont-size:0.8em;\n}\n}\n<\/style>\n<div  class='av-special-heading av-m7x7gj1i-df16db54cce43a4da7edacd322374d15 av-special-heading-h3 blockquote classic-quote  avia-builder-el-12  el_after_av_codeblock  el_before_av_contact  av-inherit-size'><h3 class='av-special-heading-tag'  itemprop=\"headline\"  >\u00bfQuieres ser distribuidor de Garone Habitat?<br \/>\nRellena el formulario.<\/h3><div class=\"special-heading-border\"><div class=\"special-heading-inner-border\"><\/div><\/div><\/div>\n<form action=\"https:\/\/www.garonehabitat.com\/es\/rivenditori\/\" method=\"post\" data-fields-with-error=\"Found errors in the following field(s):\" class=\"avia_ajax_form av-form-labels-hidden   avia-builder-el-13  el_after_av_heading  avia-builder-el-last  av-show-form-errors   \" data-avia-form-id=\"1\" data-avia-redirect=''  id=\"modulo-contatto-rivenditori\" ><fieldset><p class='  first_form  form_element form_element_half' id='element_avia_1_1'><label for=\"avia_1_1\">Nome <abbr class=\"required\" title=\"requerido\">*<\/abbr><\/label> <input name=\"avia_1_1\" class=\"text_input is_empty\" type=\"text\" id=\"avia_1_1\" value=\"\"  placeholder='Nome*'\/><\/p><p class='  form_element form_element_half' id='element_avia_2_1'><label for=\"avia_2_1\">E-Mail <abbr class=\"required\" title=\"requerido\">*<\/abbr><\/label> <input name=\"avia_2_1\" class=\"text_input is_email\" type=\"text\" id=\"avia_2_1\" value=\"\"  placeholder='E-Mail*'\/><\/p><p class='  first_form  form_element form_fullwidth' id='element_avia_3_1'><label for=\"avia_3_1\">Citt\u00e0 <abbr class=\"required\" title=\"requerido\">*<\/abbr><\/label> <input name=\"avia_3_1\" class=\"text_input is_empty\" type=\"text\" id=\"avia_3_1\" value=\"\"  placeholder='Citt\u00e0*'\/><\/p><p class='  first_form  form_element form_fullwidth' id='element_avia_4_1'><label for=\"avia_4_1\">Provincia <abbr class=\"required\" title=\"requerido\">*<\/abbr><\/label> <input name=\"avia_4_1\" class=\"text_input is_empty\" type=\"text\" id=\"avia_4_1\" value=\"\"  placeholder='Provincia*'\/><\/p><p class='  first_form  form_element form_fullwidth' id='element_avia_5_1'><label for=\"avia_5_1\">Oggetto <abbr class=\"required\" title=\"requerido\">*<\/abbr><\/label> <input name=\"avia_5_1\" class=\"text_input is_empty\" type=\"text\" id=\"avia_5_1\" value=\"\"  placeholder='Oggetto*'\/><\/p><p class='  first_form  form_element form_fullwidth' id='element_avia_6_1'><label for=\"avia_6_1\" class=\"textare_label hidden textare_label_avia_6_1\">Messaggio <abbr class=\"required\" title=\"requerido\">*<\/abbr><\/label><textarea  placeholder='Messaggio*' name=\"avia_6_1\" class=\"text_area is_empty\" cols=\"40\" rows=\"7\" id=\"avia_6_1\" ><\/textarea><\/p><p class='  first_form  form_element form_fullwidth' id='element_avia_7_1'><input  name=\"avia_7_1\" class=\"input_checkbox is_empty\" type=\"checkbox\" id=\"avia_7_1\" value=\"true\"\/><label class=\"input_checkbox_label\" for=\"avia_7_1\">Consenso GDPR <abbr class=\"required\" title=\"requerido\">*<\/abbr><\/label><\/p><div id='avia_8_1' class='av-form-text'><p>Al utilizar este formulario, acepta que los datos solicitados se utilicen de conformidad con el Reglamento (CE) n.\u00ba 679\/2016 del Parlamento Europeo y del Consejo, de 27 de abril de 2016, Diario Oficial de la Uni\u00f3n Europea (RGPD). Para saber c\u00f3mo se aplica este reglamento, consulte la pol\u00edtica de privacidad completa.<\/p>\n<\/div><p class=\"hidden\"><input type=\"text\" name=\"avia_9_1\" class=\"hidden \" id=\"avia_9_1\" value=\"\" \/><\/p><p class=\"form_element \"><input type=\"hidden\" value=\"1\" name=\"avia_generated_form1\" \/><input type=\"submit\" value=\"ENVIAR\" class=\"button\"  data-sending-label=\"Enviando\"\/><\/p><\/fieldset><\/form><div id=\"ajaxresponse_1\" class=\"ajaxresponse ajaxresponse_1 hidden\"><\/div>\n<\/div><\/div><\/div><!-- close content main div --><\/div><\/div><div id='after_section_3'  class='main_color av_default_container_wrap container_wrap sidebar_right'  ><div class='container av-section-cont-open' ><div class='template-page content  av-content-small alpha units'><div class='post-entry post-entry-type-page post-entry-28284'><div class='entry-content-wrapper clearfix'>\n","protected":false},"excerpt":{"rendered":"","protected":false},"author":1,"featured_media":0,"parent":0,"menu_order":0,"comment_status":"closed","ping_status":"closed","template":"","meta":{"_joinchat":[],"footnotes":""},"class_list":["post-28284","page","type-page","status-publish","hentry"],"yoast_head":"<!-- This site is optimized with the Yoast SEO plugin v27.2 - https:\/\/yoast.com\/product\/yoast-seo-wordpress\/ -->\n<title>Rivenditori<\/title>\n<meta name=\"description\" content=\"Garone Habitat realizza serramenti legno e legno-alluminio 100% Made in Italy in grado garantire comfort, temperatura ottimale e un\u2019acustica perfetta.\" \/>\n<meta name=\"robots\" content=\"index, follow, max-snippet:-1, max-image-preview:large, max-video-preview:-1\" \/>\n<link rel=\"canonical\" href=\"https:\/\/www.garonehabitat.com\/es\/rivenditori\/\" \/>\n<meta property=\"og:locale\" content=\"es_ES\" \/>\n<meta property=\"og:type\" content=\"article\" \/>\n<meta property=\"og:title\" content=\"Rivenditori\" \/>\n<meta property=\"og:description\" content=\"Garone Habitat realizza serramenti legno e legno-alluminio 100% Made in Italy in grado garantire comfort, temperatura ottimale e un\u2019acustica perfetta.\" \/>\n<meta property=\"og:url\" content=\"https:\/\/www.garonehabitat.com\/es\/rivenditori\/\" \/>\n<meta property=\"og:site_name\" content=\"Garone Habitat\" \/>\n<meta property=\"article:publisher\" content=\"https:\/\/www.facebook.com\/GaroneHabitat\/\" \/>\n<meta property=\"article:modified_time\" content=\"2025-11-16T14:17:42+00:00\" \/>\n<meta property=\"og:image\" content=\"https:\/\/www.garonehabitat.com\/wp-content\/uploads\/2024\/06\/couple.jpg\" \/>\n\t<meta property=\"og:image:width\" content=\"1100\" \/>\n\t<meta property=\"og:image:height\" content=\"863\" \/>\n\t<meta property=\"og:image:type\" content=\"image\/jpeg\" \/>\n<meta name=\"twitter:card\" content=\"summary_large_image\" \/>\n<meta name=\"twitter:label1\" content=\"Tiempo de lectura\" \/>\n\t<meta name=\"twitter:data1\" content=\"1 minuto\" \/>\n<script type=\"application\/ld+json\" class=\"yoast-schema-graph\">{\"@context\":\"https:\/\/schema.org\",\"@graph\":[{\"@type\":\"WebPage\",\"@id\":\"https:\/\/www.garonehabitat.com\/es\/rivenditori\/\",\"url\":\"https:\/\/www.garonehabitat.com\/es\/rivenditori\/\",\"name\":\"Rivenditori\",\"isPartOf\":{\"@id\":\"https:\/\/www.garonehabitat.com\/es\/#website\"},\"datePublished\":\"2025-03-05T15:04:50+00:00\",\"dateModified\":\"2025-11-16T14:17:42+00:00\",\"description\":\"Garone Habitat realizza serramenti legno e legno-alluminio 100% Made in Italy in grado garantire comfort, temperatura ottimale e un\u2019acustica perfetta.\",\"breadcrumb\":{\"@id\":\"https:\/\/www.garonehabitat.com\/es\/rivenditori\/#breadcrumb\"},\"inLanguage\":\"es\",\"potentialAction\":[{\"@type\":\"ReadAction\",\"target\":[\"https:\/\/www.garonehabitat.com\/es\/rivenditori\/\"]}]},{\"@type\":\"BreadcrumbList\",\"@id\":\"https:\/\/www.garonehabitat.com\/es\/rivenditori\/#breadcrumb\",\"itemListElement\":[{\"@type\":\"ListItem\",\"position\":1,\"name\":\"Home\",\"item\":\"https:\/\/www.garonehabitat.com\/es\/home\/\"},{\"@type\":\"ListItem\",\"position\":2,\"name\":\"Distribuidores\"}]},{\"@type\":\"WebSite\",\"@id\":\"https:\/\/www.garonehabitat.com\/es\/#website\",\"url\":\"https:\/\/www.garonehabitat.com\/es\/\",\"name\":\"Garone Habitat\",\"description\":\"\",\"publisher\":{\"@id\":\"https:\/\/www.garonehabitat.com\/es\/#organization\"},\"potentialAction\":[{\"@type\":\"SearchAction\",\"target\":{\"@type\":\"EntryPoint\",\"urlTemplate\":\"https:\/\/www.garonehabitat.com\/es\/?s={search_term_string}\"},\"query-input\":{\"@type\":\"PropertyValueSpecification\",\"valueRequired\":true,\"valueName\":\"search_term_string\"}}],\"inLanguage\":\"es\"},{\"@type\":\"Organization\",\"@id\":\"https:\/\/www.garonehabitat.com\/es\/#organization\",\"name\":\"Garone Habitat\",\"url\":\"https:\/\/www.garonehabitat.com\/es\/\",\"logo\":{\"@type\":\"ImageObject\",\"inLanguage\":\"es\",\"@id\":\"https:\/\/www.garonehabitat.com\/es\/#\/schema\/logo\/image\/\",\"url\":\"https:\/\/www.garonehabitat.com\/wp-content\/uploads\/2024\/05\/logo-white_garone-1.png\",\"contentUrl\":\"https:\/\/www.garonehabitat.com\/wp-content\/uploads\/2024\/05\/logo-white_garone-1.png\",\"width\":149,\"height\":81,\"caption\":\"Garone Habitat\"},\"image\":{\"@id\":\"https:\/\/www.garonehabitat.com\/es\/#\/schema\/logo\/image\/\"},\"sameAs\":[\"https:\/\/www.facebook.com\/GaroneHabitat\/\"]}]}<\/script>\n<!-- \/ Yoast SEO plugin. -->","yoast_head_json":{"title":"Rivenditori","description":"Garone Habitat realizza serramenti legno e legno-alluminio 100% Made in Italy in grado garantire comfort, temperatura ottimale e un\u2019acustica perfetta.","robots":{"index":"index","follow":"follow","max-snippet":"max-snippet:-1","max-image-preview":"max-image-preview:large","max-video-preview":"max-video-preview:-1"},"canonical":"https:\/\/www.garonehabitat.com\/es\/rivenditori\/","og_locale":"es_ES","og_type":"article","og_title":"Rivenditori","og_description":"Garone Habitat realizza serramenti legno e legno-alluminio 100% Made in Italy in grado garantire comfort, temperatura ottimale e un\u2019acustica perfetta.","og_url":"https:\/\/www.garonehabitat.com\/es\/rivenditori\/","og_site_name":"Garone Habitat","article_publisher":"https:\/\/www.facebook.com\/GaroneHabitat\/","article_modified_time":"2025-11-16T14:17:42+00:00","og_image":[{"width":1100,"height":863,"url":"https:\/\/www.garonehabitat.com\/wp-content\/uploads\/2024\/06\/couple.jpg","type":"image\/jpeg"}],"twitter_card":"summary_large_image","twitter_misc":{"Tiempo de lectura":"1 minuto"},"schema":{"@context":"https:\/\/schema.org","@graph":[{"@type":"WebPage","@id":"https:\/\/www.garonehabitat.com\/es\/rivenditori\/","url":"https:\/\/www.garonehabitat.com\/es\/rivenditori\/","name":"Rivenditori","isPartOf":{"@id":"https:\/\/www.garonehabitat.com\/es\/#website"},"datePublished":"2025-03-05T15:04:50+00:00","dateModified":"2025-11-16T14:17:42+00:00","description":"Garone Habitat realizza serramenti legno e legno-alluminio 100% Made in Italy in grado garantire comfort, temperatura ottimale e un\u2019acustica perfetta.","breadcrumb":{"@id":"https:\/\/www.garonehabitat.com\/es\/rivenditori\/#breadcrumb"},"inLanguage":"es","potentialAction":[{"@type":"ReadAction","target":["https:\/\/www.garonehabitat.com\/es\/rivenditori\/"]}]},{"@type":"BreadcrumbList","@id":"https:\/\/www.garonehabitat.com\/es\/rivenditori\/#breadcrumb","itemListElement":[{"@type":"ListItem","position":1,"name":"Home","item":"https:\/\/www.garonehabitat.com\/es\/home\/"},{"@type":"ListItem","position":2,"name":"Distribuidores"}]},{"@type":"WebSite","@id":"https:\/\/www.garonehabitat.com\/es\/#website","url":"https:\/\/www.garonehabitat.com\/es\/","name":"Garone Habitat","description":"","publisher":{"@id":"https:\/\/www.garonehabitat.com\/es\/#organization"},"potentialAction":[{"@type":"SearchAction","target":{"@type":"EntryPoint","urlTemplate":"https:\/\/www.garonehabitat.com\/es\/?s={search_term_string}"},"query-input":{"@type":"PropertyValueSpecification","valueRequired":true,"valueName":"search_term_string"}}],"inLanguage":"es"},{"@type":"Organization","@id":"https:\/\/www.garonehabitat.com\/es\/#organization","name":"Garone Habitat","url":"https:\/\/www.garonehabitat.com\/es\/","logo":{"@type":"ImageObject","inLanguage":"es","@id":"https:\/\/www.garonehabitat.com\/es\/#\/schema\/logo\/image\/","url":"https:\/\/www.garonehabitat.com\/wp-content\/uploads\/2024\/05\/logo-white_garone-1.png","contentUrl":"https:\/\/www.garonehabitat.com\/wp-content\/uploads\/2024\/05\/logo-white_garone-1.png","width":149,"height":81,"caption":"Garone Habitat"},"image":{"@id":"https:\/\/www.garonehabitat.com\/es\/#\/schema\/logo\/image\/"},"sameAs":["https:\/\/www.facebook.com\/GaroneHabitat\/"]}]}},"_links":{"self":[{"href":"https:\/\/www.garonehabitat.com\/es\/wp-json\/wp\/v2\/pages\/28284","targetHints":{"allow":["GET"]}}],"collection":[{"href":"https:\/\/www.garonehabitat.com\/es\/wp-json\/wp\/v2\/pages"}],"about":[{"href":"https:\/\/www.garonehabitat.com\/es\/wp-json\/wp\/v2\/types\/page"}],"author":[{"embeddable":true,"href":"https:\/\/www.garonehabitat.com\/es\/wp-json\/wp\/v2\/users\/1"}],"replies":[{"embeddable":true,"href":"https:\/\/www.garonehabitat.com\/es\/wp-json\/wp\/v2\/comments?post=28284"}],"version-history":[{"count":14,"href":"https:\/\/www.garonehabitat.com\/es\/wp-json\/wp\/v2\/pages\/28284\/revisions"}],"predecessor-version":[{"id":28678,"href":"https:\/\/www.garonehabitat.com\/es\/wp-json\/wp\/v2\/pages\/28284\/revisions\/28678"}],"wp:attachment":[{"href":"https:\/\/www.garonehabitat.com\/es\/wp-json\/wp\/v2\/media?parent=28284"}],"curies":[{"name":"wp","href":"https:\/\/api.w.org\/{rel}","templated":true}]}}